{"id":1382,"date":"2024-07-10T10:20:34","date_gmt":"2024-07-10T10:20:34","guid":{"rendered":"https:\/\/zuiaplazakafe.com\/?page_id=1382"},"modified":"2024-07-18T07:25:11","modified_gmt":"2024-07-18T07:25:11","slug":"politica-de-cookies","status":"publish","type":"page","link":"https:\/\/zuiaplazakafe.com\/es\/politica-de-cookies\/","title":{"rendered":"Pol\u00edtica de cookies"},"content":{"rendered":"<div class=\"wpb-content-wrapper\"><p>[vc_row][vc_column][vc_column_text css=\u00bb\u00bb]<\/p>\n<div>\n<h3 style=\"font-size: 25px; margin-top: 25px;\">Definiciones<\/h3>\n<p>Cookies:son ficheros de texto de peque\u00f1o tama\u00f1o que se almacenan en el disco duro o en la memoria del ordenador que accede o visita las p\u00e1ginas de determinados sitios web, de forma que se puedan conocer las preferencias del usuario al volver a conectarse. Las cookies almacenadas en el disco duro del usuario no pueden leer los datos contenidos en \u00e9l, acceder a informaci\u00f3n personal ni leer las cookies creadas por otros proveedores.<\/p>\n<p>Dato: es la informaci\u00f3n que se obtiene por medio del equipo terminal del usuario a trav\u00e9s del dispositivo de almacenamiento y recuperaci\u00f3n de datos (cookies u otros).<\/p>\n<p>Dato: es la informaci\u00f3n que se obtiene por medio del equipo terminal del usuario a trav\u00e9s del dispositivo de almacenamiento y recuperaci\u00f3n de datos (cookies u otros).<\/p>\n<p>Editor: cualquier entidad prestadora de servicios de la sociedad de la informaci\u00f3n titular de una p\u00e1gina web a los que puede acceder un usuario y para cuya prestaci\u00f3n se utilizan cookies. En este sitio web ser\u00e1 editor cada una de las sociedades indicadas en el \u201cAviso legal\u201d.<\/p>\n<p>Usuario: es el destinatario, persona f\u00edsica, que accede al servicio prestado por un editor, pudiendo diferenciarse entre usuario registrado y no registrado.<\/p>\n<\/div>\n<div>\n<h3 style=\"font-size: 25px; margin-top: 25px;\">\u00bfQu\u00e9 tipo de cookies existen?<\/h3>\n<p>Seg\u00fan la entidad que las gestione:<\/p>\n<p>Cookies propias: son aquellas que se env\u00edan al equipo terminal del usuario desde un equipo o dominio gestionado por el propio editor y desde el que se presta el servicio solicitado por el usuario.<\/p>\n<p>Cookies de terceros: son aquellas que se env\u00edan al equipo terminal del usuario desde un equipo o dominio que no es gestionado por el editor, sino por otra entidad que trata los datos obtenidos a trav\u00e9s de las cookies.<\/p>\n<p>Seg\u00fan su finalidad:<\/p>\n<p>Cookies t\u00e9cnicas: son aquellas que permiten al usuario la navegaci\u00f3n a trav\u00e9s de una p\u00e1gina web, plataforma o aplicaci\u00f3n y la utilizaci\u00f3n de las diferentes opciones o servicios que en ella existan, incluyendo aquellas que el editor utiliza para permitir la gesti\u00f3n y operativa de la p\u00e1gina web y habilitar sus funciones y servicios.<\/p>\n<p>Cookies de preferencias o personalizaci\u00f3n: son aqu\u00e9llas que permiten recordar informaci\u00f3n para que el usuario acceda al servicio con determinadas caracter\u00edsticas que pueden diferenciar su experiencia de la de otros usuarios como, por ejemplo, el idioma o el n\u00famero de resultados a mostrar cuando el usuario realiza una b\u00fasqueda, etc.<\/p>\n<p>Cookies de an\u00e1lisis o medici\u00f3n: son aquellas que permiten al responsable de las mismas el seguimiento y an\u00e1lisis del comportamiento de los usuarios de los sitios web a los que est\u00e1n vinculados, incluida la cuantificaci\u00f3n de los impactos de los anuncios. La informaci\u00f3n recogida mediante este tipo de cookies se utiliza en la medici\u00f3n de la actividad de los sitios web, aplicaci\u00f3n o plataforma, con el fin de introducir mejoras en funci\u00f3n del an\u00e1lisis de los datos de uso que haden los usuarios del servicio.<\/p>\n<p>Cookies de publicidad comportamental: son aquellas almacenan informaci\u00f3n del comportamiento de los usuarios obtenida a trav\u00e9s de la observaci\u00f3n continuada de sus h\u00e1bitos de navegaci\u00f3n, lo que permite desarrollar un perfil espec\u00edfico para mostrar publicidad en funci\u00f3n del mismo.<\/p>\n<\/div>\n<div>\n<h3 style=\"font-size: 25px; margin-top: 25px;\">Seg\u00fan el plazo de tiempo que permanecen activas:<\/h3>\n<p>Cookies de sesi\u00f3n: son aquellas dise\u00f1adas para recabar y almacenar datos mientras el usuario accede a una p\u00e1gina. Se suelen emplear para almacenar informaci\u00f3n que solo interesa conservar para la prestaci\u00f3n del servicio solicitado por el usuario en una sola ocasi\u00f3n (por ejemplo, una lista de productos adquiridos) y desaparecen al terminar la sesi\u00f3n.<\/p>\n<p>Cookies persistentes: son un tipo de cookies en el que los datos siguen almacenados en el terminal y pueden ser accedidos y tratados durante un periodo definido por el responsable de la cookie, y que puede ir de unos minutos a varios a\u00f1os.<\/p>\n<\/div>\n<div>\n<h3 style=\"font-size: 25px; margin-top: 25px;\">\u00bfQu\u00e9 tipo de cookies utilizamos en ZUIA PLAZA KAFE?<\/h3>\n<p>(tabla)<\/p>\n<p>En relaci\u00f3n a las cookies anal\u00edticas y las finalidades descritas utilizamos Google Analytics, un servicio prestado por Google, Llc., empresa que act\u00faa como encargado del tratamiento y que, a pesar de estar fuera del Espacio Econ\u00f3mico Europeo, la transferencia internacional de datos que supone su uso cuenta con las garant\u00edas adecuadas contempladas en el art\u00edculo 46.2 c) del Reglamento General de Protecci\u00f3n de Datos (cl\u00e1usulas contractuales tipo aprobadas por la Comisi\u00f3n Europea).<\/p>\n<p>Pol\u00edtica de cookies<\/p>\n<p>Pol\u00edtica de privacidad<\/p>\n<p>Para m\u00e1s informaci\u00f3n sobre cookies de Google Analytics:<\/p>\n<p><a href=\"https:\/\/developers.google.com\/analytics\/resources\/concepts\/gaConceptsCookies\">https:\/\/developers.google.com\/analytics\/resources\/concepts\/gaConceptsCookies<\/a><\/p>\n<\/div>\n<div>\n<h3 style=\"font-size: 25px; margin-top: 25px;\">\u00bfC\u00f3mo deshabilitar las cookies?<\/h3>\n<p>En el aviso inicial se ha habilitado la posibilidad de aceptar, rechazar las cookies o configurar las que desee autorizar. El modo en que el usuario puede deshabilitar cookies depender\u00e1 del navegador o navegadores que utilice. Todos los navegadores permiten cambiar la configuraci\u00f3n relacionada con las cookies. A continuaci\u00f3n, indicamos los enlaces a cada navegador:<\/p>\n<p><a href=\"https:\/\/support.mozilla.org\/es\/kb\/habilitar-y-deshabilitar-cookies-sitios-web-rastrear-preferencias?redirectlocale=es&amp;redirectslug=habilitar-y-deshabilitar-cookies-que-los-sitios-we\">Firefox<\/a><\/p>\n<p><a href=\"https:\/\/support.google.com\/chrome\/answer\/95647?hl=es\">Chrome<\/a><\/p>\n<p><a href=\"https:\/\/support.apple.com\/es-es\/guide\/safari\/sfri11471\/mac\">Safari<\/a><\/p>\n<p><a href=\"https:\/\/support.microsoft.com\/es-es\/windows\/eliminar-y-administrar-cookies-168dab11-0753-043d-7c16-ede5947fc64d\">Microsoft Edge<\/a><\/p>\n<p><a href=\"https:\/\/support.microsoft.com\/es-es\/windows\/eliminar-y-administrar-cookies-168dab11-0753-043d-7c16-ede5947fc64d\">Internet Explorer<\/a><\/p>\n<p><a href=\"https:\/\/support.google.com\/accounts\/answer\/61416?co=GENIE.Platform%3DAndroid&amp;hl=es\">Android<\/a><\/p>\n<p><a href=\"https:\/\/support.apple.com\/es-es\/HT201265\">IOS<\/a><\/p>\n<p>Si no desea ser rastreado por las cookies, Google ha desarrollado un complemento para instalar en su navegador al que puede acceder en el siguiente enlace.<\/p>\n<\/div>\n<div>\n<h3 style=\"font-size: 25px; margin-top: 25px;\">\u00bfQu\u00e9 consecuencias tiene deshabilitar las cookies?<\/h3>\n<p>En caso de que el usuario impida la activaci\u00f3n de las cookies o desactive en caso de haberlas autorizado previamente, podr\u00e1 afectar al funcionamiento de algunas funcionalidades del sitio web como pueden ser, entre otras, que no se guarde informaci\u00f3n sobre la aceptaci\u00f3n del aviso inicial de cookies por lo que se le volver\u00e1 a mostrar en la pr\u00f3xima visita.<\/p>\n<p>Del mismo modo, tampoco podremos obtener informaci\u00f3n sobre navegaci\u00f3n de los usuarios por nuestro sitio web, lo cual impedir\u00e1 o dificultar\u00e1 la mejora de la informaci\u00f3n y contenidos que publicamos as\u00ed como su presentaci\u00f3n.<\/p>\n<\/div>\n<div>\n<h3 style=\"font-size: 25px; margin-top: 25px;\">Cookies en redes sociales donde ZUIA PLAZA KAFE tiene perfil<\/h3>\n<p>Se informa a los usuarios de que en las redes sociales donde ZUIA PLAZA KAFE tiene perfil se utilizan asimismo cookies que trascienden de nuestro control. A continuaci\u00f3n, ofrecemos informaci\u00f3n sobre las cookies utilizadas en cada una de esas redes sociales que recomendamos leer antes de aceptar este aviso sobre pol\u00edticas de cookies:<\/p>\n<p>-Facebook<\/p>\n<p><a href=\"https:\/\/www.facebook.com\/privacy\/policies\/cookies\/?entry_point=cookie_policy_redirect&amp;entry=0\">Pol\u00edtica de cookies<\/a><\/p>\n<p><a href=\"https:\/\/www.facebook.com\/privacy\/policy\/?entry_point=data_policy_redirect&amp;entry=0\">Pol\u00edtica de datos<\/a><\/p>\n<p>-Instagram<\/p>\n<p><a href=\"https:\/\/www.facebook.com\/help\/instagram\/1896641480634370\/?helpref=hc_fnav\">Pol\u00edtica de cookies<\/a><\/p>\n<p><a href=\"https:\/\/www.facebook.com\/privacy\/policy\/?entry_point=facebook_help_center_ig_data_policy_redirect\">Pol\u00edtica de datos<\/a><\/p>\n<\/div>\n<div>\n<h3 style=\"font-size: 25px; margin-top: 25px;\">Cambios o actualizaciones en nuestra pol\u00edticas sobre cookies<\/h3>\n<p>Es posible que la estructura y funcionalidades del presente sitio web se modifique para a\u00f1adir nuevos apartados, servicios o contenidos, lo cual puede suponer que se modifique el uso y, por tanto, nuestra sobre cookies. Por eso recomendamos a los usuarios que cada vez que accedan a nuestro sitio web revisen las pol\u00edticas de cookies publicadas por si se hubiera producido alg\u00fan cambio desde su \u00faltima visita.<\/p>\n<p>Le recomendamos que visite esta web para obtener m\u00e1s informaci\u00f3n sobre cookies.<\/p>\n<\/div>\n<div>\n<h3 style=\"font-size: 25px; margin-top: 25px;\">Responsable de tratamiento y detalles de contacto<\/h3>\n<p>Para preguntas y\/o comentarios sobre nuestra pol\u00edtica de cookies y esta declaraci\u00f3n, por favor, contacta con nosotros, como responsable del tratamiento, usando los siguientes datos de contacto:<\/p>\n<p>Titular: Susana Aramaiona Uriarte<\/p>\n<p>NIF: 16290252L<\/p>\n<p>Domicilio: Zuia Plaza Ayuntamiento 8 01130 (Alava)<\/p>\n<p>Correo electr\u00f3nico: admin@zuiaplazakafe.com<\/p>\n<p>Puede consultar la informaci\u00f3n sobre tratamiento de datos personales en nuestra Pol\u00edtica de Privacidad.<\/p>\n<\/div>\n<p>[\/vc_column_text][\/vc_column][\/vc_row][vc_row][vc_column][vc_empty_space height=\u00bb50px\u00bb][\/vc_column][\/vc_row][vc_row full_width=\u00bbstretch_row\u00bb type=\u00bbvc_default\u00bb css=\u00bb.vc_custom_1721199205295{margin-bottom: 0px !important;padding-top: 80px !important;padding-bottom: 50px !important;background-color: #131313 !important;}\u00bb][vc_column css=\u00bb.vc_custom_1460570299912{padding-bottom: 40px !important;}\u00bb][vc_single_image image=\u00bb1525&#8243; img_size=\u00bb203&#215;48&#8243; alignment=\u00bbcenter\u00bb css=\u00bb.vc_custom_1721199161693{padding-bottom: 10px !important;}\u00bb][\/vc_column][vc_column offset=\u00bbvc_col-lg-offset-1 vc_col-lg-10 vc_col-md-offset-1 vc_col-md-10 vc_col-sm-offset-0&#8243; css=\u00bb.vc_custom_1461332951646{padding-top: 10px !important;padding-bottom: 25px !important;}\u00bb][vc_column_text css=\u00bb\u00bb]<\/p>\n<div class=\"footer-logo\">\n<p class=\"logoText\" style=\"text-align: center;\">Plaza del Ayuntamiento 8 Murgia (Araba)<\/p>\n<\/div>\n<div class=\"footer-address\">\n<p style=\"text-align: center;\"><a href=\"mailto:zuiaplazakafe@gmail.com\">zuiaplazakafe@gmail.com<\/a><\/p>\n<p style=\"text-align: center;\"><a href=\"callto:+945 43 08 04\">+945 43 08 04<\/a><\/p>\n<\/div>\n<p>[\/vc_column_text][\/vc_column][vc_column css=\u00bb.vc_custom_1460570841666{padding-bottom: 20px !important;}\u00bb]<div class=\" uavc-icons-center uavc-icons \">\n<a class=\"aio-tooltip 69e203e4470be\" href=\"https:\/\/es-es.facebook.com\/zuia.plazakafe\"  data-toggle=\"tooltip\" data-placement=\"\" title=\"\"><div class=\"aio-icon circle \" data-animation=\"\" data-animation-delay=\"03\" style=\"color:#131313;background:#f7f7f7;font-size:18px;margin-right:5px;\">\n\t<i class=\"icomoon-free-social-contact-16x16-facebook\"><\/i>\n<\/div><\/a>\n<a class=\"aio-tooltip 69e203e447172\" href=\"https:\/\/www.instagram.com\/zuiaplaza\/?hl=es\"  data-toggle=\"tooltip\" data-placement=\"\" title=\"\"><div class=\"aio-icon circle \" data-animation=\"\" data-animation-delay=\"03\" style=\"color:#131313;background:#f7f7f7;font-size:18px;margin-right:5px;\">\n\t<i class=\"icomoon-free-social-contact-16x16-instagram\"><\/i>\n<\/div><\/a><\/div>[vc_column_text css=\u00bb\u00bb]<\/p>\n<p style=\"text-align: center;\"><a href=\"https:\/\/zuiaplazakafe.com\/es\/aviso-legal\/\">Aviso legal<\/a>\u00a0 \u00a0|\u00a0 \u00a0<a href=\"https:\/\/zuiaplazakafe.com\/es\/politica-de-privacidad\/\">Pol\u00edtica de privacidad<\/a>\u00a0 \u00a0|\u00a0 \u00a0<a href=\"https:\/\/zuiaplazakafe.com\/es\/politica-de-cookies\/\">Pol\u00edtica de cookies<\/a><\/p>\n<p>[\/vc_column_text][vc_empty_space height=\u00bb25px\u00bb][\/vc_column][vc_column css=\u00bb.vc_custom_1469282395397{padding-top: 10px !important;padding-bottom: 5px !important;}\u00bb]<div id=\"ultimate-heading-22369e203e44724e\" class=\"uvc-heading ult-adjust-bottom-margin ultimate-heading-22369e203e44724e uvc-9773 \" data-hspacer=\"no_spacer\"  data-halign=\"center\" style=\"text-align:center\"><div class=\"uvc-heading-spacer no_spacer\" style=\"top\"><\/div><div class=\"uvc-sub-heading ult-responsive\"  data-ultimate-target='.uvc-heading.ultimate-heading-22369e203e44724e .uvc-sub-heading '  data-responsive-json-new='{\"font-size\":\"desktop:15px;\",\"line-height\":\"desktop:22px;\"}'  style=\"font-family:&#039;Poppins&#039;;font-weight:normal;font-style:normal;color:#a0a0a0;\">\u00a9 2024 Desarrollado por <a href=\"https:\/\/www.innotu.com\/\" target=\"_blank\" rel=\"noopener\">Innotu<\/a>.<\/div><\/div>[\/vc_column][\/vc_row][vc_row][vc_column css=\u00bb.vc_custom_1721287509297{padding-top: 20px !important;}\u00bb][vc_single_image image=\u00bb1528&#8243; img_size=\u00bb600&#215;50&#8243; alignment=\u00bbcenter\u00bb css=\u00bb\u00bb][\/vc_column][\/vc_row]<\/p>\n<\/div>","protected":false},"excerpt":{"rendered":"<p>[vc_row][vc_column][vc_column_text css=\u00bb\u00bb] Definiciones Cookies:son ficheros de texto de peque\u00f1o tama\u00f1o que se almacenan en el disco duro o en la memoria del ordenador que accede o visita las p\u00e1ginas de determinados sitios web, de forma que se puedan conocer las preferencias del usuario al volver a conectarse. Las cookies almacenadas en el disco duro del&hellip;<\/p>\n","protected":false},"author":1,"featured_media":0,"parent":0,"menu_order":0,"comment_status":"closed","ping_status":"closed","template":"","meta":{"footnotes":""},"class_list":["post-1382","page","type-page","status-publish","hentry","description-off"],"yoast_head":"<!-- This site is optimized with the Yoast SEO plugin v23.0 - https:\/\/yoast.com\/wordpress\/plugins\/seo\/ -->\n<title>Pol\u00edtica de cookies - Zuia Plaza Kafe<\/title>\n<meta name=\"robots\" content=\"index, follow, max-snippet:-1, max-image-preview:large, max-video-preview:-1\" \/>\n<link rel=\"canonical\" href=\"https:\/\/zuiaplazakafe.com\/es\/politica-de-cookies\/\" \/>\n<meta property=\"og:locale\" content=\"es_ES\" \/>\n<meta property=\"og:type\" content=\"article\" \/>\n<meta property=\"og:title\" content=\"Pol\u00edtica de cookies - Zuia Plaza Kafe\" \/>\n<meta property=\"og:description\" content=\"[vc_row][vc_column][vc_column_text css=\u00bb\u00bb] Definiciones Cookies:son ficheros de texto de peque\u00f1o tama\u00f1o que se almacenan en el disco duro o en la memoria del ordenador que accede o visita las p\u00e1ginas de determinados sitios web, de forma que se puedan conocer las preferencias del usuario al volver a conectarse. Las cookies almacenadas en el disco duro del&hellip;\" \/>\n<meta property=\"og:url\" content=\"https:\/\/zuiaplazakafe.com\/es\/politica-de-cookies\/\" \/>\n<meta property=\"og:site_name\" content=\"Zuia Plaza Kafe\" \/>\n<meta property=\"article:publisher\" content=\"https:\/\/es-es.facebook.com\/zuia.plazakafe\" \/>\n<meta property=\"article:modified_time\" content=\"2024-07-18T07:25:11+00:00\" \/>\n<meta name=\"twitter:card\" content=\"summary_large_image\" \/>\n<meta name=\"twitter:label1\" content=\"Tiempo de lectura\" \/>\n\t<meta name=\"twitter:data1\" content=\"6 minutos\" \/>\n<script type=\"application\/ld+json\" class=\"yoast-schema-graph\">{\"@context\":\"https:\/\/schema.org\",\"@graph\":[{\"@type\":\"WebPage\",\"@id\":\"https:\/\/zuiaplazakafe.com\/es\/politica-de-cookies\/\",\"url\":\"https:\/\/zuiaplazakafe.com\/es\/politica-de-cookies\/\",\"name\":\"Pol\u00edtica de cookies - Zuia Plaza Kafe\",\"isPartOf\":{\"@id\":\"https:\/\/zuiaplazakafe.com\/es\/#website\"},\"datePublished\":\"2024-07-10T10:20:34+00:00\",\"dateModified\":\"2024-07-18T07:25:11+00:00\",\"breadcrumb\":{\"@id\":\"https:\/\/zuiaplazakafe.com\/es\/politica-de-cookies\/#breadcrumb\"},\"inLanguage\":\"es\",\"potentialAction\":[{\"@type\":\"ReadAction\",\"target\":[\"https:\/\/zuiaplazakafe.com\/es\/politica-de-cookies\/\"]}]},{\"@type\":\"BreadcrumbList\",\"@id\":\"https:\/\/zuiaplazakafe.com\/es\/politica-de-cookies\/#breadcrumb\",\"itemListElement\":[{\"@type\":\"ListItem\",\"position\":1,\"name\":\"Portada\",\"item\":\"https:\/\/zuiaplazakafe.com\/es\/\"},{\"@type\":\"ListItem\",\"position\":2,\"name\":\"Pol\u00edtica de cookies\"}]},{\"@type\":\"WebSite\",\"@id\":\"https:\/\/zuiaplazakafe.com\/es\/#website\",\"url\":\"https:\/\/zuiaplazakafe.com\/es\/\",\"name\":\"Zuia Plaza Kafe\",\"description\":\"\",\"potentialAction\":[{\"@type\":\"SearchAction\",\"target\":{\"@type\":\"EntryPoint\",\"urlTemplate\":\"https:\/\/zuiaplazakafe.com\/es\/?s={search_term_string}\"},\"query-input\":\"required name=search_term_string\"}],\"inLanguage\":\"es\"}]}<\/script>\n<!-- \/ Yoast SEO plugin. -->","yoast_head_json":{"title":"Pol\u00edtica de cookies - Zuia Plaza Kafe","robots":{"index":"index","follow":"follow","max-snippet":"max-snippet:-1","max-image-preview":"max-image-preview:large","max-video-preview":"max-video-preview:-1"},"canonical":"https:\/\/zuiaplazakafe.com\/es\/politica-de-cookies\/","og_locale":"es_ES","og_type":"article","og_title":"Pol\u00edtica de cookies - Zuia Plaza Kafe","og_description":"[vc_row][vc_column][vc_column_text css=\u00bb\u00bb] Definiciones Cookies:son ficheros de texto de peque\u00f1o tama\u00f1o que se almacenan en el disco duro o en la memoria del ordenador que accede o visita las p\u00e1ginas de determinados sitios web, de forma que se puedan conocer las preferencias del usuario al volver a conectarse. Las cookies almacenadas en el disco duro del&hellip;","og_url":"https:\/\/zuiaplazakafe.com\/es\/politica-de-cookies\/","og_site_name":"Zuia Plaza Kafe","article_publisher":"https:\/\/es-es.facebook.com\/zuia.plazakafe","article_modified_time":"2024-07-18T07:25:11+00:00","twitter_card":"summary_large_image","twitter_misc":{"Tiempo de lectura":"6 minutos"},"schema":{"@context":"https:\/\/schema.org","@graph":[{"@type":"WebPage","@id":"https:\/\/zuiaplazakafe.com\/es\/politica-de-cookies\/","url":"https:\/\/zuiaplazakafe.com\/es\/politica-de-cookies\/","name":"Pol\u00edtica de cookies - Zuia Plaza Kafe","isPartOf":{"@id":"https:\/\/zuiaplazakafe.com\/es\/#website"},"datePublished":"2024-07-10T10:20:34+00:00","dateModified":"2024-07-18T07:25:11+00:00","breadcrumb":{"@id":"https:\/\/zuiaplazakafe.com\/es\/politica-de-cookies\/#breadcrumb"},"inLanguage":"es","potentialAction":[{"@type":"ReadAction","target":["https:\/\/zuiaplazakafe.com\/es\/politica-de-cookies\/"]}]},{"@type":"BreadcrumbList","@id":"https:\/\/zuiaplazakafe.com\/es\/politica-de-cookies\/#breadcrumb","itemListElement":[{"@type":"ListItem","position":1,"name":"Portada","item":"https:\/\/zuiaplazakafe.com\/es\/"},{"@type":"ListItem","position":2,"name":"Pol\u00edtica de cookies"}]},{"@type":"WebSite","@id":"https:\/\/zuiaplazakafe.com\/es\/#website","url":"https:\/\/zuiaplazakafe.com\/es\/","name":"Zuia Plaza Kafe","description":"","potentialAction":[{"@type":"SearchAction","target":{"@type":"EntryPoint","urlTemplate":"https:\/\/zuiaplazakafe.com\/es\/?s={search_term_string}"},"query-input":"required name=search_term_string"}],"inLanguage":"es"}]}},"_links":{"self":[{"href":"https:\/\/zuiaplazakafe.com\/es\/wp-json\/wp\/v2\/pages\/1382","targetHints":{"allow":["GET"]}}],"collection":[{"href":"https:\/\/zuiaplazakafe.com\/es\/wp-json\/wp\/v2\/pages"}],"about":[{"href":"https:\/\/zuiaplazakafe.com\/es\/wp-json\/wp\/v2\/types\/page"}],"author":[{"embeddable":true,"href":"https:\/\/zuiaplazakafe.com\/es\/wp-json\/wp\/v2\/users\/1"}],"replies":[{"embeddable":true,"href":"https:\/\/zuiaplazakafe.com\/es\/wp-json\/wp\/v2\/comments?post=1382"}],"version-history":[{"count":8,"href":"https:\/\/zuiaplazakafe.com\/es\/wp-json\/wp\/v2\/pages\/1382\/revisions"}],"predecessor-version":[{"id":1665,"href":"https:\/\/zuiaplazakafe.com\/es\/wp-json\/wp\/v2\/pages\/1382\/revisions\/1665"}],"wp:attachment":[{"href":"https:\/\/zuiaplazakafe.com\/es\/wp-json\/wp\/v2\/media?parent=1382"}],"curies":[{"name":"wp","href":"https:\/\/api.w.org\/{rel}","templated":true}]}}