{"id":1402,"date":"2024-07-10T11:32:44","date_gmt":"2024-07-10T11:32:44","guid":{"rendered":"https:\/\/zuiaplazakafe.com\/?page_id=1402"},"modified":"2024-07-18T07:24:17","modified_gmt":"2024-07-18T07:24:17","slug":"aviso-legal","status":"publish","type":"page","link":"https:\/\/zuiaplazakafe.com\/es\/aviso-legal\/","title":{"rendered":"Aviso legal"},"content":{"rendered":"<div class=\"wpb-content-wrapper\"><p>[vc_row][vc_column][vc_column_text css=\u00bb\u00bb]<\/p>\n<div>\n<p>Informaci\u00f3n y condiciones de uso<\/p>\n<\/div>\n<div>\n<h2 style=\"font-size: 35px;\">Informaci\u00f3n legal<\/h2>\n<p>El art\u00edculo 10 de la Ley 34\/2002, de 11 de julio, de Servicios de la Sociedad de la Informaci\u00f3n y de Comercio Electr\u00f3nico establece la obligaci\u00f3n de todos los prestadores de servicios de la sociedad de la informaci\u00f3n de disponer de medios que permitan, tanto a los destinatarios del servicio como a los \u00f3rganos competentes, a acceder por medios electr\u00f3nicos, de forma permanente, f\u00e1cil, directa y gratuita a determinada informaci\u00f3n que proporcionamos en este apartado.<\/p>\n<p>Datos del titular del sitio web:<\/p>\n<p>Titular: Susana Aramaiona Uriarte<\/p>\n<p>NIF: 16290252L<\/p>\n<p>Domicilio: Zuia Plaza Ayuntamiento 8 01130 (Alava)<\/p>\n<p>Correo electr\u00f3nico: admin@zuiaplazakafe.com<\/p>\n<\/div>\n<div>\n<h2 style=\"font-size: 35px; margin-top: 25px;\">Condiciones de uso del sitio web:<\/h2>\n<p>Al usar el sitio web zuiaplazakafe.com, se entiende que el usuario ha le\u00eddo, entendido y aceptado \u00edntegramente y sin reservas este aviso legal, las condiciones de uso, la pol\u00edtica de privacidad y dem\u00e1s avisos o instrucciones que figuran en este sitio web, comprometi\u00e9ndose a hacer un buen uso del mismo conforme a la ley, la moral y el orden p\u00fablico.<\/p>\n<p>En caso de que el usuario no est\u00e9 de acuerdo, deber\u00e1 abstenerse de utilizar el sitio web zuiaplazakafe.com.<\/p>\n<p>ZUIA PLAZA KAFE se reserva el derecho de modificar en cualquier momento los contenidos, informaciones, los t\u00e9rminos de este sitio web, de las presentes condiciones de uso, pol\u00edticas de privacidad y dem\u00e1s avisos legales. En este caso, informaremos a los usuarios a trav\u00e9s del sitio web.<\/p>\n<p>En el sitio web zuiaplazakafe.com pueden existir enlaces a otros sitios o p\u00e1ginas web de terceros si bien no asume ning\u00fan tipo de responsabilidad sobre ellos ya que no tiene ning\u00fan tipo de control sobre los mismos. Por ello, el usuario accede bajo su exclusiva responsabilidad tanto al contenido que ofrecen como a sus condiciones de uso.<\/p>\n<\/div>\n<div>\n<h3 style=\"font-size: 25px; margin-top: 25px;\">Derechos de autor y propiedad intelectual<\/h3>\n<p>El usuario reconoce y acepta que todas las marcas, nombres comerciales o signos distintivos, contenidos, todos los derechos de propiedad industrial e intelectual, y\/o cualesquiera otros elementos insertados en este sitio web, son propiedad exclusiva de ZUIA PLAZA KAFE y\/o de terceros, quienes tiene el derecho exclusivo de utilizarlos en el tr\u00e1fico econ\u00f3mico.<\/p>\n<p>En ning\u00fan caso el acceso a la p\u00e1gina web implica ning\u00fan tipo de renuncia, transmisi\u00f3n, licencia o cesi\u00f3n total ni parcial de dichos derechos, salvo que se establezca expresamente lo contrario.<\/p>\n<p>De acuerdo con lo expuesto en el p\u00e1rrafo anterior, los usuarios de este sitio web tienen prohibida su reproducci\u00f3n, copia, cesi\u00f3n, distribuci\u00f3n, modificaci\u00f3n o cualquier otro uso, de forma total o parcial, respecto de la informaci\u00f3n y contenido de este sitio web sin la autorizaci\u00f3n previa y por escrita de ZUIA PLAZA KAFE.<\/p>\n<p>El contenido de este sitio web no podr\u00e1 ser reproducido ni en todo ni en parte, ni transmitido, ni registrado por ning\u00fan sistema de recuperaci\u00f3n de informaci\u00f3n, en ninguna forma ni en ning\u00fan medio, a menos que se cuente con la autorizaci\u00f3n previa, por escrito, de la citada Entidad.<\/p>\n<p>ZUIA PLAZA KAFE es titular de los elementos que integran el dise\u00f1o gr\u00e1fico de su sitio web, los men\u00fas, el c\u00f3digo HTML, los textos, marcas, logotipos, combinaciones de colores, botones, im\u00e1genes, gr\u00e1ficos y cualquier otro contenido del sitio web, as\u00ed como de la estructura, selecci\u00f3n, ordenaci\u00f3n y presentaci\u00f3n de sus contenidos o, en cualquier caso, dispone de la correspondiente autorizaci\u00f3n para la utilizaci\u00f3n de dichos elementos.<\/p>\n<p>Por tanto, el usuario se obliga a usar este sitio web, sus contenidos y servicios de forma diligente y correcta, de acuerdo con la Ley, la moral, los buenos usos y costumbres, al orden p\u00fablico, la buena fe y estas condiciones generales de uso, con escrupuloso respeto a los derechos de propiedad intelectual que corresponden a ZUIA PLAZA KAFE.<\/p>\n<p>Se proh\u00edbe expresamente al usuario que utilice el sitio web con fines il\u00edcitos, prohibidos, lesivos de derechos de terceros o que puedan, de cualquier forma, da\u00f1ar la marca, la imagen o reputaci\u00f3n de ZUIA PLAZA KAFE.<\/p>\n<p>El usuario responder\u00e1 de los da\u00f1os y perjuicios de cualquier clase que ZUIA PLAZA KAFE pueda sufrir como consecuencia del incumplimiento de cualquiera de las obligaciones a las que queda sometido por estas condiciones que sean de aplicaci\u00f3n. ZUIA PLAZA KAFE se reserva el ejercicio de las acciones legales oportunas en defensa de sus derechos.<\/p>\n<\/div>\n<div>\n<h3 style=\"font-size: 25px; margin-top: 25px;\">Protecci\u00f3n de datos personales<\/h3>\n<p>En el sitio web zuiaplazakafe.com se recaban datos personales a trav\u00e9s de varias v\u00edas, ya sea en formularios o a trav\u00e9s de la direcci\u00f3n de correo electr\u00f3nico habilitada para establecer contacto con nosotros.<\/p>\n<p>Tales datos ser\u00e1n tratados respetando la normativa vigente en cada momento en materia de protecci\u00f3n de datos personales, y de acuerdo con la pol\u00edtica de privacidad descrita en el presente sitio web, que los usuarios deber\u00e1n leer antes de facilitar sus datos. En todo caso, en el formulario utilizado para recabar datos personales se ha habilitado una cl\u00e1usula informativa sobre el tratamiento que se hace de los mismos.<\/p>\n<\/div>\n<div>\n<h3 style=\"font-size: 25px; margin-top: 25px;\">Comunicaciones comerciales<\/h3>\n<p>De acuerdo con lo dispuesto por la Ley 34\/2002, de 11 de julio, de Servicios de la Sociedad de la Informaci\u00f3n y de Comercio Electr\u00f3nico y de la Ley 56\/2007, de 28 de diciembre, de Medidas de Impulso de la Sociedad de la Informaci\u00f3n que la modifica, se informa a los usuarios del sitio web zuiaplazakafe.com que no se les enviar\u00e1 publicidad o comunicaciones comerciales por correo electr\u00f3nico u otros medios de comunicaci\u00f3n electr\u00f3nica equivalentes sin su previa solicitud o consentimiento, que ser\u00e1 obtenido a trav\u00e9s de los correspondientes formularios habilitados al efecto.<\/p>\n<p>En todo caso los usuarios pondr\u00e1n oponerse o manifestar su negativa a la recepci\u00f3n de informaci\u00f3n comercial por medios electr\u00f3nicos enviando un correo electr\u00f3nico a admin@zuiaplazakafe.com, facilit\u00e1ndose esta posibilidad en cada comunicaci\u00f3n que se le env\u00ede.<\/p>\n<\/div>\n<div>\n<h3 style=\"font-size: 25px; margin-top: 25px;\">Responsabilidad del titular del sitio web<\/h3>\n<p>ZUIA PLAZA KAFE no garantiza la ausencia de virus ni de otros elementos en los contenidos, por lo que no asume ninguna responsabilidad por da\u00f1os que se puedan causar en los equipos o sistemas de los usuarios por posibles virus inform\u00e1ticos que se hubieran podido contraer por la navegaci\u00f3n del usuario en el sitio web.<\/p>\n<p>Del mismo modo, el titular del sitio web zuiaplazakafe.com tampoco controla ni garantiza el acceso continuado, ni la correcta visualizaci\u00f3n, descarga o utilidad de los elementos e informaciones contenidas en su sitio web, que pueden verse impedidos, dificultados o interrumpidos por factores o circunstancias que est\u00e1n fuera de su control y no se hace responsable en caso de existir interrupciones del servicio, demoras o mal funcionamiento cuando se deban a causas ajenas al control de ZUIA PLAZA KAFE, por fuerza mayor, ni la que se deba a una actuaci\u00f3n dolosa o culposa por parte del usuario.<\/p>\n<p>ZUIA PLAZA KAFE no asume ninguna responsabilidad por la informaci\u00f3n que sobre nosotros pueda existir en de sitios web de terceros ni a la que se puede acceder a trav\u00e9s de buscadores o de enlaces de terceros a nuestro sitio web zuiaplazakafe.com.<\/p>\n<\/div>\n<div>\n<h3 style=\"font-size: 25px; margin-top: 25px;\">Uso de la web por menores de edad<\/h3>\n<p>Aunque el sitio web zuiaplazakafe.com no est\u00e1 dirigido a menores de edad, se les permite su acceso. No obstante, en caso de que un menor desee solicitarnos informaci\u00f3n, s\u00f3lo podr\u00e1 hacerlo por s\u00ed mismo si es mayor de 14 a\u00f1os. En caso de los menores de 14 a\u00f1os, deber\u00e1 hacerlo quien ostente su patria potestad, tutor o representante legal, autorizando \u00e9ste en nombre de aqu\u00e9l el tratamiento de sus datos personales por parte de la empresa, de tal forma que quienes tengan a su cargo menores de edad asumen la exclusiva responsabilidad de determinar los servicios y contenidos de este sitio web que sean apropiados para la edad de los menores a su cargo.<\/p>\n<p>ZUIA PLAZA KAFE no asume ninguna responsabilidad en caso de que menores de la edad mencionada nos faciliten sus datos personales incumpliendo estas obligaciones.<\/p>\n<\/div>\n<div>\n<h3 style=\"font-size: 25px; margin-top: 25px;\">Enlaces desde otro sitio web a zuiaplazakafe.com<\/h3>\n<p>Las personas o entidades que pretendan realizar o realicen un \u201chiperenlace\u201d desde una p\u00e1gina web ajena a ZUIA PLAZA KAFE a cualquiera de las p\u00e1ginas de zuiaplazakafe.com deber\u00e1n someterse a las siguientes condiciones:<\/p>\n<p>No se permite la reproducci\u00f3n ni total ni parcial de ninguno de los servicios ni contenidos de zuiaplazakafe.com.<\/p>\n<p>No se incluir\u00e1 ninguna manifestaci\u00f3n falsa, inexacta o incorrecta sobre las p\u00e1ginas de zuiaplazakafe.com ni sobre los servicios o contenidos del mismo.<\/p>\n<p>El establecimiento del \u00abhiperenlace\u00bb no implicar\u00e1 la existencia de relaciones entre ZUIA PLAZA KAFE y el titular de la p\u00e1gina web o del portal desde el cual se realice, ni el conocimiento y aceptaci\u00f3n de ZUIA PLAZA KAFE de los servicios y contenidos ofrecidos en dicho portal.<\/p>\n<p>ZUIA PLAZA KAFE no ser\u00e1 responsable de los contenidos o servicios puestos a disposici\u00f3n del p\u00fablico en la p\u00e1gina web o portal desde el cual se realice el \u00abhiperenlace\u00bb ni de las informaciones y manifestaciones incluidas en las mismas.<\/p>\n<\/div>\n<div>\n<h3 style=\"font-size: 25px; margin-top: 25px;\">Cookies<\/h3>\n<p>Las cookies son ficheros de texto de peque\u00f1o tama\u00f1o que se almacenan en el disco duro o en la memoria del ordenador que accede o visita las p\u00e1ginas de determinados sitios web, de forma que se puedan conocer las preferencias del usuario al volver a conectarse. Las cookies almacenadas en el disco duro del usuario no pueden leer los datos contenidos en \u00e9l, acceder a informaci\u00f3n personal ni leer las cookies creadas por otros proveedores.<\/p>\n<p>Ver informaci\u00f3n sobre las cookies utilizadas en este sitio web en el apartado <a href=\"https:\/\/zuiaplazakafe.com\/es\/politica-de-cookies\/\"> \u201cPol\u00edtica de cookies\u201d.<\/a><\/p>\n<\/div>\n<div>\n<h3 style=\"font-size: 25px; margin-top: 25px;\">Informaci\u00f3n sobre redes sociales<\/h3>\n<p>Ver informaci\u00f3n detallada en el apartado <a href=\"https:\/\/zuiaplazakafe.com\/es\/politica-de-privacidad\/\"> \u201cPol\u00edtica de Privacidad\u201d. <\/a><\/p>\n<\/div>\n<div>\n<h3 style=\"font-size: 25px; margin-top: 25px;\">Legislaci\u00f3n sobre redes sociales<\/h3>\n<p>La actividad desarrollada a trav\u00e9s del sitio web zuiaplazakafe.com est\u00e1 sometida a la legislaci\u00f3n espa\u00f1ola vigente que resulte de aplicaci\u00f3n.<\/p>\n<p>Para cualquier controversia o conflicto que resulte entre ZUIA PLAZA KAFE y los usuarios del sitio web zuiaplazakafe.com, las partes acuerdan expresamente someterse a la competencia de los Juzgados y Tribunales de Espa\u00f1a, concretamente los de la ciudad de Bilbao (Bizkaia), con renuncia expresa a su fuero propio si lo tuvieren.<\/p>\n<\/div>\n<p>[\/vc_column_text][\/vc_column][\/vc_row][vc_row][vc_column][vc_empty_space height=\u00bb50px\u00bb][\/vc_column][\/vc_row][vc_row full_width=\u00bbstretch_row\u00bb type=\u00bbvc_default\u00bb css=\u00bb.vc_custom_1721133744574{margin-bottom: 0px !important;padding-top: 80px !important;padding-bottom: 50px !important;background-color: #131313 !important;}\u00bb][vc_column css=\u00bb.vc_custom_1460570299912{padding-bottom: 40px !important;}\u00bb][vc_single_image image=\u00bb1525&#8243; img_size=\u00bb203&#215;48&#8243; alignment=\u00bbcenter\u00bb css=\u00bb.vc_custom_1721133711085{padding-bottom: 10px !important;}\u00bb][\/vc_column][vc_column offset=\u00bbvc_col-lg-offset-1 vc_col-lg-10 vc_col-md-offset-1 vc_col-md-10 vc_col-sm-offset-0&#8243; css=\u00bb.vc_custom_1461332951646{padding-top: 10px !important;padding-bottom: 25px !important;}\u00bb][vc_column_text css=\u00bb\u00bb]<\/p>\n<div class=\"footer-logo\">\n<p class=\"logoText\" style=\"text-align: center;\">Plaza del Ayuntamiento 8 Murgia (Araba)<\/p>\n<\/div>\n<div class=\"footer-address\">\n<p style=\"text-align: center;\"><a href=\"mailto:zuiaplazakafe@gmail.com\">zuiaplazakafe@gmail.com<\/a><\/p>\n<p style=\"text-align: center;\"><a href=\"callto:+945 43 08 04\">+945 43 08 04<\/a><\/p>\n<\/div>\n<p>[\/vc_column_text][\/vc_column][vc_column css=\u00bb.vc_custom_1460570841666{padding-bottom: 20px !important;}\u00bb]<div class=\" uavc-icons-center uavc-icons \">\n<a class=\"aio-tooltip 69e7482c33ca2\" href=\"https:\/\/es-es.facebook.com\/zuia.plazakafe\"  data-toggle=\"tooltip\" data-placement=\"\" title=\"\"><div class=\"aio-icon circle \" data-animation=\"\" data-animation-delay=\"03\" style=\"color:#131313;background:#f7f7f7;font-size:18px;margin-right:5px;\">\n\t<i class=\"icomoon-free-social-contact-16x16-facebook\"><\/i>\n<\/div><\/a>\n<a class=\"aio-tooltip 69e7482c33d65\" href=\"https:\/\/www.instagram.com\/zuiaplaza\/?hl=es\"  data-toggle=\"tooltip\" data-placement=\"\" title=\"\"><div class=\"aio-icon circle \" data-animation=\"\" data-animation-delay=\"03\" style=\"color:#131313;background:#f7f7f7;font-size:18px;margin-right:5px;\">\n\t<i class=\"icomoon-free-social-contact-16x16-instagram\"><\/i>\n<\/div><\/a><\/div>[vc_column_text css=\u00bb\u00bb]<\/p>\n<p style=\"text-align: center;\"><a href=\"https:\/\/zuiaplazakafe.com\/es\/aviso-legal\/\">Aviso legal<\/a>\u00a0 \u00a0|\u00a0 \u00a0<a href=\"https:\/\/zuiaplazakafe.com\/es\/politica-de-privacidad\/\">Pol\u00edtica de privacidad<\/a>\u00a0 \u00a0|\u00a0 \u00a0<a href=\"https:\/\/zuiaplazakafe.com\/es\/politica-de-cookies\/\">Pol\u00edtica de cookies<\/a><\/p>\n<p>[\/vc_column_text][vc_empty_space height=\u00bb25px\u00bb][\/vc_column][vc_column css=\u00bb.vc_custom_1469282395397{padding-top: 10px !important;padding-bottom: 5px !important;}\u00bb]<div id=\"ultimate-heading-744869e7482c33e4a\" class=\"uvc-heading ult-adjust-bottom-margin ultimate-heading-744869e7482c33e4a uvc-9589 \" data-hspacer=\"no_spacer\"  data-halign=\"center\" style=\"text-align:center\"><div class=\"uvc-heading-spacer no_spacer\" style=\"top\"><\/div><div class=\"uvc-sub-heading ult-responsive\"  data-ultimate-target='.uvc-heading.ultimate-heading-744869e7482c33e4a .uvc-sub-heading '  data-responsive-json-new='{\"font-size\":\"desktop:15px;\",\"line-height\":\"desktop:22px;\"}'  style=\"font-family:&#039;Poppins&#039;;font-weight:normal;font-style:normal;color:#a0a0a0;\">\u00a9 2024 Desarrollado por <a href=\"https:\/\/www.innotu.com\/\" target=\"_blank\" rel=\"noopener\">Innotu<\/a>.<\/div><\/div>[\/vc_column][\/vc_row][vc_row][vc_column css=\u00bb.vc_custom_1721287454481{padding-top: 20px !important;}\u00bb][vc_single_image image=\u00bb1528&#8243; img_size=\u00bb500&#215;60&#8243; alignment=\u00bbcenter\u00bb css=\u00bb\u00bb][\/vc_column][\/vc_row]<\/p>\n<\/div>","protected":false},"excerpt":{"rendered":"<p>[vc_row][vc_column][vc_column_text css=\u00bb\u00bb] Informaci\u00f3n y condiciones de uso Informaci\u00f3n legal El art\u00edculo 10 de la Ley 34\/2002, de 11 de julio, de Servicios de la Sociedad de la Informaci\u00f3n y de Comercio Electr\u00f3nico establece la obligaci\u00f3n de todos los prestadores de servicios de la sociedad de la informaci\u00f3n de disponer de medios que permitan, tanto a&hellip;<\/p>\n","protected":false},"author":1,"featured_media":0,"parent":0,"menu_order":0,"comment_status":"closed","ping_status":"closed","template":"","meta":{"footnotes":""},"class_list":["post-1402","page","type-page","status-publish","hentry","description-off"],"yoast_head":"<!-- This site is optimized with the Yoast SEO plugin v23.0 - https:\/\/yoast.com\/wordpress\/plugins\/seo\/ -->\n<title>Aviso legal - Zuia Plaza Kafe<\/title>\n<meta name=\"robots\" content=\"index, follow, max-snippet:-1, max-image-preview:large, max-video-preview:-1\" \/>\n<link rel=\"canonical\" href=\"https:\/\/zuiaplazakafe.com\/es\/aviso-legal\/\" \/>\n<meta property=\"og:locale\" content=\"es_ES\" \/>\n<meta property=\"og:type\" content=\"article\" \/>\n<meta property=\"og:title\" content=\"Aviso legal - Zuia Plaza Kafe\" \/>\n<meta property=\"og:description\" content=\"[vc_row][vc_column][vc_column_text css=\u00bb\u00bb] Informaci\u00f3n y condiciones de uso Informaci\u00f3n legal El art\u00edculo 10 de la Ley 34\/2002, de 11 de julio, de Servicios de la Sociedad de la Informaci\u00f3n y de Comercio Electr\u00f3nico establece la obligaci\u00f3n de todos los prestadores de servicios de la sociedad de la informaci\u00f3n de disponer de medios que permitan, tanto a&hellip;\" \/>\n<meta property=\"og:url\" content=\"https:\/\/zuiaplazakafe.com\/es\/aviso-legal\/\" \/>\n<meta property=\"og:site_name\" content=\"Zuia Plaza Kafe\" \/>\n<meta property=\"article:publisher\" content=\"https:\/\/es-es.facebook.com\/zuia.plazakafe\" \/>\n<meta property=\"article:modified_time\" content=\"2024-07-18T07:24:17+00:00\" \/>\n<meta name=\"twitter:card\" content=\"summary_large_image\" \/>\n<meta name=\"twitter:label1\" content=\"Tiempo de lectura\" \/>\n\t<meta name=\"twitter:data1\" content=\"9 minutos\" \/>\n<script type=\"application\/ld+json\" class=\"yoast-schema-graph\">{\"@context\":\"https:\/\/schema.org\",\"@graph\":[{\"@type\":\"WebPage\",\"@id\":\"https:\/\/zuiaplazakafe.com\/es\/aviso-legal\/\",\"url\":\"https:\/\/zuiaplazakafe.com\/es\/aviso-legal\/\",\"name\":\"Aviso legal - Zuia Plaza Kafe\",\"isPartOf\":{\"@id\":\"https:\/\/zuiaplazakafe.com\/es\/#website\"},\"datePublished\":\"2024-07-10T11:32:44+00:00\",\"dateModified\":\"2024-07-18T07:24:17+00:00\",\"breadcrumb\":{\"@id\":\"https:\/\/zuiaplazakafe.com\/es\/aviso-legal\/#breadcrumb\"},\"inLanguage\":\"es\",\"potentialAction\":[{\"@type\":\"ReadAction\",\"target\":[\"https:\/\/zuiaplazakafe.com\/es\/aviso-legal\/\"]}]},{\"@type\":\"BreadcrumbList\",\"@id\":\"https:\/\/zuiaplazakafe.com\/es\/aviso-legal\/#breadcrumb\",\"itemListElement\":[{\"@type\":\"ListItem\",\"position\":1,\"name\":\"Portada\",\"item\":\"https:\/\/zuiaplazakafe.com\/es\/\"},{\"@type\":\"ListItem\",\"position\":2,\"name\":\"Aviso legal\"}]},{\"@type\":\"WebSite\",\"@id\":\"https:\/\/zuiaplazakafe.com\/es\/#website\",\"url\":\"https:\/\/zuiaplazakafe.com\/es\/\",\"name\":\"Zuia Plaza Kafe\",\"description\":\"\",\"potentialAction\":[{\"@type\":\"SearchAction\",\"target\":{\"@type\":\"EntryPoint\",\"urlTemplate\":\"https:\/\/zuiaplazakafe.com\/es\/?s={search_term_string}\"},\"query-input\":\"required name=search_term_string\"}],\"inLanguage\":\"es\"}]}<\/script>\n<!-- \/ Yoast SEO plugin. -->","yoast_head_json":{"title":"Aviso legal - Zuia Plaza Kafe","robots":{"index":"index","follow":"follow","max-snippet":"max-snippet:-1","max-image-preview":"max-image-preview:large","max-video-preview":"max-video-preview:-1"},"canonical":"https:\/\/zuiaplazakafe.com\/es\/aviso-legal\/","og_locale":"es_ES","og_type":"article","og_title":"Aviso legal - Zuia Plaza Kafe","og_description":"[vc_row][vc_column][vc_column_text css=\u00bb\u00bb] Informaci\u00f3n y condiciones de uso Informaci\u00f3n legal El art\u00edculo 10 de la Ley 34\/2002, de 11 de julio, de Servicios de la Sociedad de la Informaci\u00f3n y de Comercio Electr\u00f3nico establece la obligaci\u00f3n de todos los prestadores de servicios de la sociedad de la informaci\u00f3n de disponer de medios que permitan, tanto a&hellip;","og_url":"https:\/\/zuiaplazakafe.com\/es\/aviso-legal\/","og_site_name":"Zuia Plaza Kafe","article_publisher":"https:\/\/es-es.facebook.com\/zuia.plazakafe","article_modified_time":"2024-07-18T07:24:17+00:00","twitter_card":"summary_large_image","twitter_misc":{"Tiempo de lectura":"9 minutos"},"schema":{"@context":"https:\/\/schema.org","@graph":[{"@type":"WebPage","@id":"https:\/\/zuiaplazakafe.com\/es\/aviso-legal\/","url":"https:\/\/zuiaplazakafe.com\/es\/aviso-legal\/","name":"Aviso legal - Zuia Plaza Kafe","isPartOf":{"@id":"https:\/\/zuiaplazakafe.com\/es\/#website"},"datePublished":"2024-07-10T11:32:44+00:00","dateModified":"2024-07-18T07:24:17+00:00","breadcrumb":{"@id":"https:\/\/zuiaplazakafe.com\/es\/aviso-legal\/#breadcrumb"},"inLanguage":"es","potentialAction":[{"@type":"ReadAction","target":["https:\/\/zuiaplazakafe.com\/es\/aviso-legal\/"]}]},{"@type":"BreadcrumbList","@id":"https:\/\/zuiaplazakafe.com\/es\/aviso-legal\/#breadcrumb","itemListElement":[{"@type":"ListItem","position":1,"name":"Portada","item":"https:\/\/zuiaplazakafe.com\/es\/"},{"@type":"ListItem","position":2,"name":"Aviso legal"}]},{"@type":"WebSite","@id":"https:\/\/zuiaplazakafe.com\/es\/#website","url":"https:\/\/zuiaplazakafe.com\/es\/","name":"Zuia Plaza Kafe","description":"","potentialAction":[{"@type":"SearchAction","target":{"@type":"EntryPoint","urlTemplate":"https:\/\/zuiaplazakafe.com\/es\/?s={search_term_string}"},"query-input":"required name=search_term_string"}],"inLanguage":"es"}]}},"_links":{"self":[{"href":"https:\/\/zuiaplazakafe.com\/es\/wp-json\/wp\/v2\/pages\/1402","targetHints":{"allow":["GET"]}}],"collection":[{"href":"https:\/\/zuiaplazakafe.com\/es\/wp-json\/wp\/v2\/pages"}],"about":[{"href":"https:\/\/zuiaplazakafe.com\/es\/wp-json\/wp\/v2\/types\/page"}],"author":[{"embeddable":true,"href":"https:\/\/zuiaplazakafe.com\/es\/wp-json\/wp\/v2\/users\/1"}],"replies":[{"embeddable":true,"href":"https:\/\/zuiaplazakafe.com\/es\/wp-json\/wp\/v2\/comments?post=1402"}],"version-history":[{"count":14,"href":"https:\/\/zuiaplazakafe.com\/es\/wp-json\/wp\/v2\/pages\/1402\/revisions"}],"predecessor-version":[{"id":1663,"href":"https:\/\/zuiaplazakafe.com\/es\/wp-json\/wp\/v2\/pages\/1402\/revisions\/1663"}],"wp:attachment":[{"href":"https:\/\/zuiaplazakafe.com\/es\/wp-json\/wp\/v2\/media?parent=1402"}],"curies":[{"name":"wp","href":"https:\/\/api.w.org\/{rel}","templated":true}]}}